{"id":1501,"date":"2015-05-05T04:59:17","date_gmt":"2015-05-05T04:59:17","guid":{"rendered":"http:\/\/rutaglaciares.cl\/portal\/?page_id=1501"},"modified":"2015-05-06T13:22:36","modified_gmt":"2015-05-06T13:22:36","slug":"proyecto-turismo-aventura","status":"publish","type":"page","link":"https:\/\/rutaglaciares.cl\/portal\/?page_id=1501","title":{"rendered":"Proyecto Turismo Aventura"},"content":{"rendered":"<p style=\"text-align: justify;\">El programa &#8220;Capacitaci\u00f3n Gesti\u00f3n de Destino de la Provincia de Capit\u00e1n Prat&#8221;, programa financiado por el Gobierno Regional de Ays\u00e9n, que se ejecuta desde el a\u00f1o 2012, adjudica a la Universidad tecnol\u00f3gica Metropolitana, la ejecuci\u00f3n de la licitaci\u00f3n denominada:&#8221;<strong>APOYO ADMINISTRATIVO y TICS PARA EMPRENDIMIENTOS DE TURISMO AVENTURA, PROVINCIA CAPIT\u00c1N PRAT&#8221;<\/strong> en el marco de sus lineamientos estrat\u00e9gicos, siendo ellos los siguientes:<\/p>\n<ul style=\"text-align: justify;\">\n<li>Capacitaci\u00f3n para la nivelaci\u00f3n de la oferta tur\u00edstica<\/li>\n<li>Creaci\u00f3n de redes y coordinaci\u00f3n entre el sector p\u00fablico y privado<\/li>\n<li>Promoci\u00f3n de la oferta a trav\u00e9s de su cultura y atractivos<\/li>\n<\/ul>\n<p style=\"text-align: justify;\">Actualmente la Provincia de Capit\u00e1n Prat (PCP) compuesta por los municipios de Cochrane, Tortel y O&#8217;Higgins cuenta con una gran diversidad de atractivos tur\u00edsticos naturales, condici\u00f3n fundamental si se quiere visualizar al territorio como un destino tur\u00edstico.<\/p>\n<p style=\"text-align: justify;\">Uno de los problemas detectados en la provincia es el bajo nivel de formalizaci\u00f3n de los emprendimientos de turismo aventura, dada la cantidad de barreras que tienen para una actividad muy estacionaria. Esta situaci\u00f3n limita el buen desarrollo y la promoci\u00f3n de una de las provincias con m\u00e1s atractivos naturales del pa\u00eds.<\/p>\n<p style=\"text-align: justify;\">Con el apoyo al emprendimiento, SERNATUR busca aumentar el nivel de formalizaci\u00f3n, apuntando a generar una cultura emprendedora cumpliendo los est\u00e1ndares exigidos por el Servicio Nacional de Turismo para la prestaci\u00f3n de servicio de Turismo Aventura. Adem\u00e1s, junto con la formalizaci\u00f3n se hace posible la promoci\u00f3n de la actividad, y se espera un aumento en la demanda deservicios, lo que se traducir\u00eda en la generaci\u00f3n de nuevos y mejores empleos para la provincia.<\/p>\n","protected":false},"excerpt":{"rendered":"<p>El programa &#8220;Capacitaci\u00f3n Gesti\u00f3n de Destino de la Provincia de Capit\u00e1n Prat&#8221;, programa financiado por el Gobierno Regional de Ays\u00e9n, que se ejecuta desde el a\u00f1o 2012, adjudica a la Universidad tecnol\u00f3gica Metropolitana, la ejecuci\u00f3n de la licitaci\u00f3n denominada:&#8221;APOYO ADMINISTRATIVO y TICS PARA EMPRENDIMIENTOS DE TURISMO AVENTURA, PROVINCIA CAPIT\u00c1N PRAT&#8221; en el marco de sus [&hellip;]<\/p>\n","protected":false},"author":1,"featured_media":0,"parent":0,"menu_order":0,"comment_status":"closed","ping_status":"closed","template":"","meta":[],"_links":{"self":[{"href":"https:\/\/rutaglaciares.cl\/portal\/index.php?rest_route=\/wp\/v2\/pages\/1501"}],"collection":[{"href":"https:\/\/rutaglaciares.cl\/portal\/index.php?rest_route=\/wp\/v2\/pages"}],"about":[{"href":"https:\/\/rutaglaciares.cl\/portal\/index.php?rest_route=\/wp\/v2\/types\/page"}],"author":[{"embeddable":true,"href":"https:\/\/rutaglaciares.cl\/portal\/index.php?rest_route=\/wp\/v2\/users\/1"}],"replies":[{"embeddable":true,"href":"https:\/\/rutaglaciares.cl\/portal\/index.php?rest_route=%2Fwp%2Fv2%2Fcomments&post=1501"}],"version-history":[{"count":3,"href":"https:\/\/rutaglaciares.cl\/portal\/index.php?rest_route=\/wp\/v2\/pages\/1501\/revisions"}],"predecessor-version":[{"id":1512,"href":"https:\/\/rutaglaciares.cl\/portal\/index.php?rest_route=\/wp\/v2\/pages\/1501\/revisions\/1512"}],"wp:attachment":[{"href":"https:\/\/rutaglaciares.cl\/portal\/index.php?rest_route=%2Fwp%2Fv2%2Fmedia&parent=1501"}],"curies":[{"name":"wp","href":"https:\/\/api.w.org\/{rel}","templated":true}]}}